{"id":1626,"date":"2018-03-27T07:03:10","date_gmt":"2018-03-27T07:03:10","guid":{"rendered":"https:\/\/cafetax.com\/?page_id=1626"},"modified":"2022-04-19T11:42:52","modified_gmt":"2022-04-19T11:42:52","slug":"clienti-privati","status":"publish","type":"page","link":"https:\/\/cafetax.com\/ro\/clientii-nostri\/clienti-privati\/","title":{"rendered":"Clienti Privati"},"content":{"rendered":"<p><div class=\"fusion-fullwidth fullwidth-box fusion-builder-row-1 nonhundred-percent-fullwidth non-hundred-percent-height-scrolling\" style=\"--awb-border-radius-top-left:0px;--awb-border-radius-top-right:0px;--awb-border-radius-bottom-right:0px;--awb-border-radius-bottom-left:0px;--awb-padding-bottom:30px;--awb-flex-wrap:wrap;\" ><div class=\"fusion-builder-row fusion-row\"><div class=\"fusion-layout-column fusion_builder_column fusion-builder-column-0 fusion_builder_column_1_2 1_2 fusion-one-half fusion-column-first\" style=\"--awb-bg-size:cover;width:50%;width:calc(50% - ( ( 4% ) * 0.5 ) );margin-right: 4%;\"><div class=\"fusion-column-wrapper fusion-flex-column-wrapper-legacy\"><div class=\"fusion-title title fusion-title-1 fusion-sep-none fusion-title-text fusion-title-size-three\" style=\"--awb-margin-bottom:15px;--awb-margin-top-small:10px;--awb-margin-right-small:0px;--awb-margin-bottom-small:10px;--awb-margin-left-small:0px;\"><h3 class=\"fusion-title-heading title-heading-left fusion-responsive-typography-calculated\" style=\"margin:0;--fontSize:24;line-height:1.3;\">Expatria\u021bi<\/h3><\/div><div class=\"fusion-text fusion-text-1\"><p style=\"text-align: justify;\">Un expatriat este orice persoan\u0103 care tr\u0103ie\u0219te sau munce\u0219te \u00eentr-o alt\u0103 \u021bar\u0103 dec\u00e2t cea care \u00eei confer\u0103 cet\u0103\u021benia. Prin urmare, este foarte important s\u0103 v\u0103 asigura\u021bi c\u0103 veniturile, bunurile \u0219i finan\u021bele dumneavoastra sunt structurate pentru un maximum de siguran\u021b\u0103 \u0219i eficien\u021b\u0103 fiscal\u0103. O companie offshore poate fi instrumentul cheie pentru planificarea dumneavoastra fiscala internationala. Expatii care lucreaza in strainatate pot fi angajati prin intermediul unei companii offshore, evitand astfel impozitarea prin retinere la sursa si minimalizarea impozitarii.<\/p>\n<\/div><div class=\"fusion-sep-clear\"><\/div><div class=\"fusion-separator fusion-full-width-sep\" style=\"margin-left: auto;margin-right: auto;margin-top:25px;margin-bottom:25px;width:100%;\"><\/div><div class=\"fusion-sep-clear\"><\/div><div class=\"fusion-title title fusion-title-2 fusion-sep-none fusion-title-text fusion-title-size-three\" style=\"--awb-margin-bottom:15px;--awb-margin-top-small:10px;--awb-margin-right-small:0px;--awb-margin-bottom-small:10px;--awb-margin-left-small:0px;\"><h3 class=\"fusion-title-heading title-heading-left fusion-responsive-typography-calculated\" style=\"margin:0;--fontSize:24;line-height:1.3;\">Persoane cu capital propriu ridicat<\/h3><\/div><div class=\"fusion-text fusion-text-2\"><p style=\"text-align: justify;\">Pentru a v\u0103 \u00eencadra \u00een aceast\u0103 categorie de clien\u021bi, trebuie s\u0103 de\u021bine\u021bi cel pu\u021bin 1 milion de dolari \u00een active financiare lichide sau semi-lichide, f\u0103c\u00e2nd parte din categoria comunit\u0103\u021bilor financiare interna\u021bionale. Tipul de clien\u021bi cu capital propriu ridicat sunt foarte curta\u021bi de administratorii de averi private.<br \/>\nProsperitatea ofer\u0103 multe beneficii precum propriet\u0103\u021bi, drepturi de proprietate pentru yacht-uri \u0219i avioane, \u00eens\u0103 boga\u021bia implic\u0103 de asemenea propriile provoc\u0103ri \u0219i griji. Cu c\u00e2t mai mul\u021bi bani are o persoan\u0103, cu at\u00e2t trebuie s\u0103 se str\u0103duiasc\u0103 mai mult s\u0103-\u0219i p\u0103streze bunurile.<br \/>\n\u00cen general, astfel de persoane au nevoie \u0219i solicit\u0103 servicii personalizate care s\u0103 le men\u021bin\u0103 \u00een siguran\u021b\u0103 bunurile. O astfel de persoana poate deveni tinta uneor impozite mari si trebuie sa devina atent la tipul de investitii pe care le alege, pentru a urmari obtinerea de profit in locul pierderilor. Compania noastr\u0103 v\u0103 poate furniza cadrul na\u021bional \u0219i interna\u021bional pentru a atinge aceast\u0103 securitate \u00een ceea ce prive\u0219te averea dumneavoastra!<\/p>\n<\/div><div class=\"fusion-sep-clear\"><\/div><div class=\"fusion-separator fusion-full-width-sep\" style=\"margin-left: auto;margin-right: auto;margin-top:25px;margin-bottom:25px;width:100%;\"><\/div><div class=\"fusion-sep-clear\"><\/div><div class=\"fusion-title title fusion-title-3 fusion-sep-none fusion-title-text fusion-title-size-three\" style=\"--awb-margin-bottom:15px;--awb-margin-top-small:10px;--awb-margin-right-small:0px;--awb-margin-bottom-small:10px;--awb-margin-left-small:0px;\"><h3 class=\"fusion-title-heading title-heading-left fusion-responsive-typography-calculated\" style=\"margin:0;--fontSize:24;line-height:1.3;\">Antreprenorii<\/h3><\/div><div class=\"fusion-text fusion-text-3\"><p style=\"text-align: justify;\">Dac\u0103 sunte\u021bi un pionier \u0219i v\u0103 asuma\u021bi riscuri, dac\u0103 a\u021bi dezvoltat inova\u021bii, ati implementat metode noi, ati creat locuri de munc\u0103 \u0219i boga\u021bie \u00een jurul dumneavoastra, cu siguran\u021b\u0103 sunte\u021bi unul dintre antreprenorii care contribuie la mecanismul de dezvoltare a economiei mondiale. Dac\u0103 sunte\u021bi interesat s\u0103 eficientiza\u021bi afacerea dumneavoastra \u0219i s\u0103 o extinde\u021bi pe noi pie\u021be, sau s\u0103 v\u0103 angaja\u021bi \u00een tranzac\u021bii transfrontaliere, noi v\u0103 putem ajuta s\u0103 v\u0103 dep\u0103\u0219i\u021bi limitele financiare. Suntem la dispozi\u021bia dumneavoastra pentru a v\u0103 ghida de-a lungului procesului, la cele mai bune costuri interne. Utilizarea unei companii offshore sau a unei structuri adecvate intotdeauna poate aduce un plus de valoare afacerii dumneavoastra.<\/p>\n<\/div><div class=\"fusion-clearfix\"><\/div><\/div><\/div><div class=\"fusion-layout-column fusion_builder_column fusion-builder-column-1 fusion_builder_column_1_2 1_2 fusion-one-half fusion-column-last\" style=\"--awb-bg-size:cover;width:50%;width:calc(50% - ( ( 4% ) * 0.5 ) );\"><div class=\"fusion-column-wrapper fusion-flex-column-wrapper-legacy\"><div class=\"fusion-image-element fusion-image-align-center in-legacy-container\" style=\"text-align:center;--awb-caption-title-font-family:var(--h2_typography-font-family);--awb-caption-title-font-weight:var(--h2_typography-font-weight);--awb-caption-title-font-style:var(--h2_typography-font-style);--awb-caption-title-size:var(--h2_typography-font-size);--awb-caption-title-transform:var(--h2_typography-text-transform);--awb-caption-title-line-height:var(--h2_typography-line-height);--awb-caption-title-letter-spacing:var(--h2_typography-letter-spacing);\"><div class=\"imageframe-align-center\"><span class=\" fusion-imageframe imageframe-none imageframe-1 hover-type-none\"><img decoding=\"async\" width=\"550\" height=\"825\" title=\"Private-Clients\" src=\"http:\/\/cafetax.com\/wp-content\/uploads\/2018\/03\/Private-Clients.jpg\" alt class=\"img-responsive wp-image-1630\" srcset=\"https:\/\/cafetax.com\/wp-content\/uploads\/2018\/03\/Private-Clients-500x750.jpg 500w, https:\/\/cafetax.com\/wp-content\/uploads\/2018\/03\/Private-Clients.jpg 550w\" sizes=\"(max-width: 550px) 100vw, 550px\" \/><\/span><\/div><\/div><div class=\"fusion-clearfix\"><\/div><\/div><\/div><\/div><\/div><div class=\"fusion-fullwidth fullwidth-box fusion-builder-row-2 fusion-parallax-none hundred-percent-fullwidth non-hundred-percent-height-scrolling\" style=\"--awb-background-blend-mode:overlay;--awb-border-radius-top-left:0px;--awb-border-radius-top-right:0px;--awb-border-radius-bottom-right:0px;--awb-border-radius-bottom-left:0px;--awb-background-color:rgba(0,0,0,0.4);--awb-background-image:url(&quot;https:\/\/cafetax.com\/wp-content\/uploads\/2018\/03\/ContactUs.jpg&quot;);--awb-background-size:cover;--awb-flex-wrap:wrap;\" ><div class=\"fusion-builder-row fusion-row\"><div class=\"fusion-layout-column fusion_builder_column fusion-builder-column-2 fusion_builder_column_1_1 1_1 fusion-one-full fusion-column-first fusion-column-last\" style=\"--awb-padding-top:30px;--awb-padding-right:30px;--awb-padding-bottom:0px;--awb-padding-left:30px;--awb-bg-size:cover;--awb-margin-top:30px;--awb-margin-bottom:0px;\"><div class=\"fusion-column-wrapper fusion-flex-column-wrapper-legacy\"><div class=\"fusion-title title fusion-title-4 fusion-sep-none fusion-title-center fusion-title-text fusion-title-size-one\" style=\"--awb-margin-top-small:10px;--awb-margin-right-small:0px;--awb-margin-bottom-small:10px;--awb-margin-left-small:0px;\"><h1 class=\"fusion-title-heading title-heading-center fusion-responsive-typography-calculated\" style=\"margin:0;--fontSize:38;line-height:1.4;\"><span style=\"color: #ffffff;\">Discuta Cu Un Specialist<\/span><\/h1><\/div><div class=\"fusion-clearfix\"><\/div><\/div><\/div><div class=\"fusion-layout-column fusion_builder_column fusion-builder-column-3 fusion_builder_column_1_4 1_4 fusion-one-fourth fusion-column-first\" style=\"--awb-padding-top:0px;--awb-padding-right:30px;--awb-padding-bottom:30px;--awb-padding-left:30px;--awb-bg-size:cover;--awb-margin-bottom:30px;width:25%;width:calc(25% - ( ( 4% + 4% ) * 0.25 ) );margin-right: 4%;\"><div class=\"fusion-column-wrapper fusion-flex-column-wrapper-legacy\"><div class=\"fusion-clearfix\"><\/div><\/div><\/div><div class=\"fusion-layout-column fusion_builder_column fusion-builder-column-4 fusion_builder_column_1_2 1_2 fusion-one-half form-column\" style=\"--awb-padding-top:0px;--awb-padding-right:30px;--awb-padding-bottom:30px;--awb-padding-left:30px;--awb-bg-color:rgba(255,255,255,0);--awb-bg-color-hover:rgba(255,255,255,0);--awb-bg-size:cover;--awb-margin-bottom:30px;width:50%;width:calc(50% - ( ( 4% + 4% ) * 0.5 ) );margin-right: 4%;\"><div class=\"fusion-column-wrapper fusion-flex-column-wrapper-legacy\"><div class=\"fusion-aligncenter\"><a class=\"fusion-button button-flat button-large button-default fusion-button-default button-1 fusion-button-default-span fusion-button-default-type view-all-btn\" style=\"--button-border-radius-top-left:25px;--button-border-radius-top-right:25px;--button-border-radius-bottom-right:25px;--button-border-radius-bottom-left:25px;\" target=\"_self\" href=\"https:\/\/cafetax.com\/ro\/contactati-ne\/\"><span class=\"fusion-button-text awb-button__text awb-button__text--default\">Contact<\/span><\/a><\/div><div class=\"fusion-clearfix\"><\/div><\/div><\/div><div class=\"fusion-layout-column fusion_builder_column fusion-builder-column-5 fusion_builder_column_1_4 1_4 fusion-one-fourth fusion-column-last\" style=\"--awb-padding-top:0px;--awb-padding-right:30px;--awb-padding-bottom:30px;--awb-padding-left:30px;--awb-bg-size:cover;--awb-margin-bottom:30px;width:25%;width:calc(25% - ( ( 4% + 4% ) * 0.25 ) );\"><div class=\"fusion-column-wrapper fusion-flex-column-wrapper-legacy\"><div class=\"fusion-clearfix\"><\/div><\/div><\/div><\/div><\/div>\n<\/p>\n","protected":false},"excerpt":{"rendered":"","protected":false},"author":1,"featured_media":0,"parent":1554,"menu_order":0,"comment_status":"closed","ping_status":"closed","template":"100-width.php","meta":{"footnotes":""},"class_list":["post-1626","page","type-page","status-publish","hentry"],"aioseo_notices":[],"_links":{"self":[{"href":"https:\/\/cafetax.com\/ro\/wp-json\/wp\/v2\/pages\/1626","targetHints":{"allow":["GET"]}}],"collection":[{"href":"https:\/\/cafetax.com\/ro\/wp-json\/wp\/v2\/pages"}],"about":[{"href":"https:\/\/cafetax.com\/ro\/wp-json\/wp\/v2\/types\/page"}],"author":[{"embeddable":true,"href":"https:\/\/cafetax.com\/ro\/wp-json\/wp\/v2\/users\/1"}],"replies":[{"embeddable":true,"href":"https:\/\/cafetax.com\/ro\/wp-json\/wp\/v2\/comments?post=1626"}],"version-history":[{"count":0,"href":"https:\/\/cafetax.com\/ro\/wp-json\/wp\/v2\/pages\/1626\/revisions"}],"up":[{"embeddable":true,"href":"https:\/\/cafetax.com\/ro\/wp-json\/wp\/v2\/pages\/1554"}],"wp:attachment":[{"href":"https:\/\/cafetax.com\/ro\/wp-json\/wp\/v2\/media?parent=1626"}],"curies":[{"name":"wp","href":"https:\/\/api.w.org\/{rel}","templated":true}]}}