{"id":1611,"date":"2018-03-27T06:57:09","date_gmt":"2018-03-27T06:57:09","guid":{"rendered":"https:\/\/cafetax.com\/?page_id=1611"},"modified":"2022-04-19T11:43:18","modified_gmt":"2022-04-19T11:43:18","slug":"clienti-imm-si-corporatii","status":"publish","type":"page","link":"https:\/\/cafetax.com\/ro\/clientii-nostri\/clienti-imm-si-corporatii\/","title":{"rendered":"Clien\u021bi IMM si Corporatii"},"content":{"rendered":"<p><div class=\"fusion-fullwidth fullwidth-box fusion-builder-row-1 nonhundred-percent-fullwidth non-hundred-percent-height-scrolling\" style=\"--awb-border-radius-top-left:0px;--awb-border-radius-top-right:0px;--awb-border-radius-bottom-right:0px;--awb-border-radius-bottom-left:0px;--awb-padding-bottom:30px;--awb-flex-wrap:wrap;\" ><div class=\"fusion-builder-row fusion-row\"><div class=\"fusion-layout-column fusion_builder_column fusion-builder-column-0 fusion_builder_column_1_2 1_2 fusion-one-half fusion-column-first\" style=\"--awb-bg-size:cover;width:50%;width:calc(50% - ( ( 4% ) * 0.5 ) );margin-right: 4%;\"><div class=\"fusion-column-wrapper fusion-flex-column-wrapper-legacy\"><div class=\"fusion-title title fusion-title-1 fusion-sep-none fusion-title-text fusion-title-size-three\" style=\"--awb-margin-top-small:10px;--awb-margin-right-small:0px;--awb-margin-bottom-small:10px;--awb-margin-left-small:0px;\"><h3 class=\"fusion-title-heading title-heading-left fusion-responsive-typography-calculated\" style=\"margin:0;--fontSize:24;line-height:1.3;\">Clien\u021bi IMM si Corporatii<\/h3><\/div><div class=\"fusion-text fusion-text-1\"><p style=\"text-align: justify;\">Clien\u021bii corporati\u0219ti reprezint\u0103 cea mai comun\u0103 form\u0103 de organizare a afacerilor, de la \u00eentreprinderi mici \u0219i mijlocii, afaceri administrate de proprietari \u0219i p\u00e2n\u0103 la antreprenori. Exist\u0103 c\u00e2teva informa\u021bii vitale pe care ar trebui s\u0103 le cunoa\u0219te\u021bi indiferent dac\u0103 \u00eencerca\u021bi s\u0103 v\u0103 maximiza\u021bi profiturile sau s\u0103 v\u0103 reduce\u021bi costurile \u00een mod eficient, cum ar fi:<\/p>\n<ul style=\"text-align: justify;\">\n<li>Structura adecvat\u0103 a unei afaceri pentru o eficien\u021b\u0103 financiar\u0103 maxim\u0103<\/li>\n<li>Avantajele utiliz\u0103rii unor structuri \u00een regim offshore \u0219i onshore<\/li>\n<li>Protejarea afacerii<\/li>\n<li>Oportunitatea de a utiliza birouri virtuale pentru reducerea costurilor<\/li>\n<\/ul>\n<p style=\"text-align: justify;\">Noi v\u0103 putem oferi consultan\u021b\u0103 pentru a analiza \u0219i aplica solu\u021bia pentru toate aceste tipuri de probleme. Vom lucra \u00eempreun\u0103 pentru a ne asigura c\u0103 afacerea dumneavoastra este bine structurat\u0103 \u0219i sus\u021binut\u0103 \u00eentr-un mod care \u00eei permite s\u0103 se dezvolte, \u00eeng\u0103duindu-v\u0103 dumneavoastra s\u0103 v\u0103 concentra\u021bi pe ceea ce face\u021bi cel mai bine.<\/p>\n<\/div><div class=\"fusion-clearfix\"><\/div><\/div><\/div><div class=\"fusion-layout-column fusion_builder_column fusion-builder-column-1 fusion_builder_column_1_2 1_2 fusion-one-half fusion-column-last\" style=\"--awb-bg-size:cover;width:50%;width:calc(50% - ( ( 4% ) * 0.5 ) );\"><div class=\"fusion-column-wrapper fusion-flex-column-wrapper-legacy\"><div class=\"fusion-image-element fusion-image-align-center in-legacy-container\" style=\"text-align:center;--awb-caption-title-font-family:var(--h2_typography-font-family);--awb-caption-title-font-weight:var(--h2_typography-font-weight);--awb-caption-title-font-style:var(--h2_typography-font-style);--awb-caption-title-size:var(--h2_typography-font-size);--awb-caption-title-transform:var(--h2_typography-text-transform);--awb-caption-title-line-height:var(--h2_typography-line-height);--awb-caption-title-letter-spacing:var(--h2_typography-letter-spacing);\"><div class=\"imageframe-align-center\"><span class=\" fusion-imageframe imageframe-none imageframe-1 hover-type-none\"><img decoding=\"async\" width=\"975\" height=\"650\" title=\"Corporate\" src=\"http:\/\/cafetax.com\/wp-content\/uploads\/2018\/03\/Corporate.jpg\" alt class=\"img-responsive wp-image-1558\"\/><\/span><\/div><\/div><div class=\"fusion-clearfix\"><\/div><\/div><\/div><\/div><\/div><div class=\"fusion-fullwidth fullwidth-box fusion-builder-row-2 nonhundred-percent-fullwidth non-hundred-percent-height-scrolling\" style=\"--awb-border-radius-top-left:0px;--awb-border-radius-top-right:0px;--awb-border-radius-bottom-right:0px;--awb-border-radius-bottom-left:0px;--awb-padding-top:50px;--awb-padding-bottom:30px;--awb-background-color:#f2f2f2;--awb-flex-wrap:wrap;\" ><div class=\"fusion-builder-row fusion-row\"><div class=\"fusion-layout-column fusion_builder_column fusion-builder-column-2 fusion_builder_column_1_2 1_2 fusion-one-half fusion-column-first\" style=\"--awb-bg-size:cover;width:50%;width:calc(50% - ( ( 4% ) * 0.5 ) );margin-right: 4%;\"><div class=\"fusion-column-wrapper fusion-flex-column-wrapper-legacy\"><div class=\"fusion-image-element fusion-image-align-center in-legacy-container\" style=\"text-align:center;--awb-caption-title-font-family:var(--h2_typography-font-family);--awb-caption-title-font-weight:var(--h2_typography-font-weight);--awb-caption-title-font-style:var(--h2_typography-font-style);--awb-caption-title-size:var(--h2_typography-font-size);--awb-caption-title-transform:var(--h2_typography-text-transform);--awb-caption-title-line-height:var(--h2_typography-line-height);--awb-caption-title-letter-spacing:var(--h2_typography-letter-spacing);\"><div class=\"imageframe-align-center\"><span class=\" fusion-imageframe imageframe-none imageframe-2 hover-type-none\"><img decoding=\"async\" width=\"974\" height=\"650\" title=\"Multi\" src=\"http:\/\/cafetax.com\/wp-content\/uploads\/2018\/03\/Multi.jpg\" alt class=\"img-responsive wp-image-1560\"\/><\/span><\/div><\/div><div class=\"fusion-clearfix\"><\/div><\/div><\/div><div class=\"fusion-layout-column fusion_builder_column fusion-builder-column-3 fusion_builder_column_1_2 1_2 fusion-one-half fusion-column-last\" style=\"--awb-bg-size:cover;width:50%;width:calc(50% - ( ( 4% ) * 0.5 ) );\"><div class=\"fusion-column-wrapper fusion-flex-column-wrapper-legacy\"><div class=\"fusion-title title fusion-title-2 fusion-sep-none fusion-title-text fusion-title-size-three\" style=\"--awb-margin-top-small:10px;--awb-margin-right-small:0px;--awb-margin-bottom-small:10px;--awb-margin-left-small:0px;\"><h3 class=\"fusion-title-heading title-heading-left fusion-responsive-typography-calculated\" style=\"margin:0;--fontSize:24;line-height:1.3;\">Corpora\u021bii multina\u021bionale (CMN) sau \u00eentreprinderi multina\u021bionale (\u00ceMN)<\/h3><\/div><div class=\"fusion-text fusion-text-2\"><p style=\"text-align: justify;\">O CMN sau \u00ceMN este o societate pe ac\u021biuni care gestioneaz\u0103 produc\u021bia sau furnizeaz\u0103 servicii \u00een mai multe \u021b\u0103ri. Dac\u0103 sunte\u021bi hot\u0103r\u00e2t s\u0103 reduce\u021bi costurile afacerii dumneavoastra globale pentru a v\u0103 conserva bunurile \u0219i maximiza profiturile, atunci ar trebui s\u0103 v\u0103 adresa\u021bi unuia dintre exper\u021bii no\u0219tri \u00een ceea ce prive\u0219te unul dintre urm\u0103torii factori:<\/p>\n<ul style=\"text-align: justify;\">\n<li>Consultan\u021b\u0103 privind investi\u021biile str\u0103ine directe<\/li>\n<li>Utilizarea tratatelor de evitare a dublei impuneri pentru a minimiza sau reduce dubla impunere<\/li>\n<li>Structurarea investi\u021biilor transfrontaliere<\/li>\n<li>Structuri corporative pentru comer\u021bul interna\u021bional<\/li>\n<li>Stabilirea pre\u021burilor de transfer \u0219i a TVA-ului \u00een Europa<\/li>\n<li>Refacturare \u0219i acreditive subsidiare (back-to-back)<\/li>\n<li>Societ\u0103\u021bi finan\u021batoare de grupuri<\/li>\n<li>Societ\u0103\u021bi de asigurare captive<\/li>\n<li>Conformitate \u0219i diligen\u021ba necesar\u0103<\/li>\n<li>Beneficii interna\u021bionale \u00een vigoare pentru angaja\u021bi \u0219i structuri de mobilizare a angaja\u021bilor<\/li>\n<li>Externalizare interna\u021bional\u0103 \u0219i birouri virtuale rentabile<\/li>\n<li>Asigurare de s\u0103n\u0103tate pentru angaja\u021bii interna\u021bionali<\/li>\n<li>Solu\u021bii de salarizare pentru echipele de proiecte care desf\u0103\u0219oar\u0103 activitate \u00een str\u0103in\u0103tate<\/li>\n<\/ul>\n<\/div><div class=\"fusion-clearfix\"><\/div><\/div><\/div><\/div><\/div><div class=\"fusion-fullwidth fullwidth-box fusion-builder-row-3 fusion-parallax-none hundred-percent-fullwidth non-hundred-percent-height-scrolling\" style=\"--awb-background-blend-mode:overlay;--awb-border-radius-top-left:0px;--awb-border-radius-top-right:0px;--awb-border-radius-bottom-right:0px;--awb-border-radius-bottom-left:0px;--awb-background-color:rgba(0,0,0,0.4);--awb-background-image:url(&quot;https:\/\/cafetax.com\/wp-content\/uploads\/2018\/03\/ContactUs.jpg&quot;);--awb-background-size:cover;--awb-flex-wrap:wrap;\" ><div class=\"fusion-builder-row fusion-row\"><div class=\"fusion-layout-column fusion_builder_column fusion-builder-column-4 fusion_builder_column_1_1 1_1 fusion-one-full fusion-column-first fusion-column-last\" style=\"--awb-padding-top:30px;--awb-padding-right:30px;--awb-padding-bottom:0px;--awb-padding-left:30px;--awb-bg-size:cover;--awb-margin-top:30px;--awb-margin-bottom:0px;\"><div class=\"fusion-column-wrapper fusion-flex-column-wrapper-legacy\"><div class=\"fusion-title title fusion-title-3 fusion-sep-none fusion-title-center fusion-title-text fusion-title-size-one\" style=\"--awb-margin-top-small:10px;--awb-margin-right-small:0px;--awb-margin-bottom-small:10px;--awb-margin-left-small:0px;\"><h1 class=\"fusion-title-heading title-heading-center fusion-responsive-typography-calculated\" style=\"margin:0;--fontSize:38;line-height:1.4;\"><span style=\"color: #ffffff;\">Discuta Cu Un Specialist<\/span><\/h1><\/div><div class=\"fusion-clearfix\"><\/div><\/div><\/div><div class=\"fusion-layout-column fusion_builder_column fusion-builder-column-5 fusion_builder_column_1_4 1_4 fusion-one-fourth fusion-column-first\" style=\"--awb-padding-top:0px;--awb-padding-right:30px;--awb-padding-bottom:30px;--awb-padding-left:30px;--awb-bg-size:cover;--awb-margin-bottom:30px;width:25%;width:calc(25% - ( ( 4% + 4% ) * 0.25 ) );margin-right: 4%;\"><div class=\"fusion-column-wrapper fusion-flex-column-wrapper-legacy\"><div class=\"fusion-clearfix\"><\/div><\/div><\/div><div class=\"fusion-layout-column fusion_builder_column fusion-builder-column-6 fusion_builder_column_1_2 1_2 fusion-one-half form-column\" style=\"--awb-padding-top:0px;--awb-padding-right:30px;--awb-padding-bottom:30px;--awb-padding-left:30px;--awb-bg-color:rgba(255,255,255,0);--awb-bg-color-hover:rgba(255,255,255,0);--awb-bg-size:cover;--awb-margin-bottom:30px;width:50%;width:calc(50% - ( ( 4% + 4% ) * 0.5 ) );margin-right: 4%;\"><div class=\"fusion-column-wrapper fusion-flex-column-wrapper-legacy\"><div class=\"fusion-aligncenter\"><a class=\"fusion-button button-flat button-large button-default fusion-button-default button-1 fusion-button-default-span fusion-button-default-type view-all-btn\" style=\"--button-border-radius-top-left:25px;--button-border-radius-top-right:25px;--button-border-radius-bottom-right:25px;--button-border-radius-bottom-left:25px;\" target=\"_self\" href=\"https:\/\/cafetax.com\/ro\/contactati-ne\/\"><span class=\"fusion-button-text awb-button__text awb-button__text--default\">Contact<\/span><\/a><\/div><div class=\"fusion-clearfix\"><\/div><\/div><\/div><div class=\"fusion-layout-column fusion_builder_column fusion-builder-column-7 fusion_builder_column_1_4 1_4 fusion-one-fourth fusion-column-last\" style=\"--awb-padding-top:0px;--awb-padding-right:30px;--awb-padding-bottom:30px;--awb-padding-left:30px;--awb-bg-size:cover;--awb-margin-bottom:30px;width:25%;width:calc(25% - ( ( 4% + 4% ) * 0.25 ) );\"><div class=\"fusion-column-wrapper fusion-flex-column-wrapper-legacy\"><div class=\"fusion-clearfix\"><\/div><\/div><\/div><\/div><\/div>\n<\/p>\n","protected":false},"excerpt":{"rendered":"","protected":false},"author":1,"featured_media":0,"parent":1554,"menu_order":0,"comment_status":"closed","ping_status":"closed","template":"100-width.php","meta":{"footnotes":""},"class_list":["post-1611","page","type-page","status-publish","hentry"],"aioseo_notices":[],"_links":{"self":[{"href":"https:\/\/cafetax.com\/ro\/wp-json\/wp\/v2\/pages\/1611","targetHints":{"allow":["GET"]}}],"collection":[{"href":"https:\/\/cafetax.com\/ro\/wp-json\/wp\/v2\/pages"}],"about":[{"href":"https:\/\/cafetax.com\/ro\/wp-json\/wp\/v2\/types\/page"}],"author":[{"embeddable":true,"href":"https:\/\/cafetax.com\/ro\/wp-json\/wp\/v2\/users\/1"}],"replies":[{"embeddable":true,"href":"https:\/\/cafetax.com\/ro\/wp-json\/wp\/v2\/comments?post=1611"}],"version-history":[{"count":0,"href":"https:\/\/cafetax.com\/ro\/wp-json\/wp\/v2\/pages\/1611\/revisions"}],"up":[{"embeddable":true,"href":"https:\/\/cafetax.com\/ro\/wp-json\/wp\/v2\/pages\/1554"}],"wp:attachment":[{"href":"https:\/\/cafetax.com\/ro\/wp-json\/wp\/v2\/media?parent=1611"}],"curies":[{"name":"wp","href":"https:\/\/api.w.org\/{rel}","templated":true}]}}