{"id":1540,"date":"2018-03-27T06:24:07","date_gmt":"2018-03-27T06:24:07","guid":{"rendered":"https:\/\/cafetax.com\/?page_id=1540"},"modified":"2022-04-19T11:41:08","modified_gmt":"2022-04-19T11:41:08","slug":"misiune-obiective-si-valori","status":"publish","type":"page","link":"https:\/\/cafetax.com\/ro\/compania\/misiune-obiective-si-valori\/","title":{"rendered":"Misiune, obiective si valori"},"content":{"rendered":"<p><div class=\"fusion-fullwidth fullwidth-box fusion-builder-row-1 nonhundred-percent-fullwidth non-hundred-percent-height-scrolling\" style=\"--awb-border-radius-top-left:0px;--awb-border-radius-top-right:0px;--awb-border-radius-bottom-right:0px;--awb-border-radius-bottom-left:0px;--awb-padding-bottom:30px;--awb-flex-wrap:wrap;\" ><div class=\"fusion-builder-row fusion-row\"><div class=\"fusion-layout-column fusion_builder_column fusion-builder-column-0 fusion_builder_column_1_1 1_1 fusion-one-full fusion-column-first fusion-column-last\" style=\"--awb-bg-size:cover;\"><div class=\"fusion-column-wrapper fusion-flex-column-wrapper-legacy\"><div class=\"fusion-title title fusion-title-1 fusion-sep-none fusion-title-center fusion-title-text fusion-title-size-two\" style=\"--awb-margin-top-small:10px;--awb-margin-right-small:0px;--awb-margin-bottom-small:10px;--awb-margin-left-small:0px;\"><h2 class=\"fusion-title-heading title-heading-center fusion-responsive-typography-calculated\" style=\"margin:0;--fontSize:34;line-height:1.5;\">Misiune, obiective si valori<\/h2><\/div><div class=\"fusion-clearfix\"><\/div><\/div><\/div><div class=\"fusion-layout-column fusion_builder_column fusion-builder-column-1 fusion_builder_column_1_2 1_2 fusion-one-half fusion-column-first\" style=\"--awb-bg-size:cover;width:50%;width:calc(50% - ( ( 4% ) * 0.5 ) );margin-right: 4%;\"><div class=\"fusion-column-wrapper fusion-flex-column-wrapper-legacy\"><div class=\"fusion-text fusion-text-1\"><p style=\"text-align: justify;\">Exist\u0103 dou\u0103 lucruri pe care clien\u021bii pot conta atunci c\u00e2nd lucreaz\u0103 cu noi &#8211;\u00a0<strong>standarde profesionale \u00eenalte \u0219i abilitatea de a oferi calitate durabil\u0103 \u00een tot ceea ce facem.<\/strong>\u00a0Profesionalismul nostru, etica \u0219i cuno\u0219tin\u021bele despre pie\u021bele regionale sunt cele ce ne diferen\u021biaz\u0103 de concuren\u021b\u0103. Echipa noastr\u0103 \u0219i-a construit o reputa\u021bie excelent\u0103 pentru confide\u021bialitatea fa\u021b\u0103 de clien\u021bi \u0219i pentru \u00eendeplinirea \u0219i dep\u0103\u0219irea constant\u0103 a a\u0219tept\u0103rilor comunit\u0103\u021bii interna\u021bionale de afaceri.<\/p>\n<p style=\"text-align: justify;\">Echipa noastr\u0103 este o\u00a0<strong>asocia\u021bie inovatoare \u0219i creativ\u0103 de exper\u021bi multidisciplina\u021bi<\/strong>\u00a0acoperind toate col\u021burile lumii. \u021aelul nostru colectiv este de a oferi solu\u021bii reale \u0219i aplicabile pentru a ne ajuta clien\u021bii s\u0103 ating\u0103 beneficii maxime, reduc\u00e2nd \u00een acela\u0219i timp costurile afacerilor.<\/p>\n<p style=\"text-align: justify;\">\u021aelul nostru principal\u00a0<strong>este de a ne concentra asupra nevoilor individuale ale clien\u021bilor no\u0219tri \u0219i de a dep\u0103\u0219i a\u0219tept\u0103rile acestora \u00een ceea ce prive\u0219te furnizarea serviciilor offshore.<\/strong>\u00a0\u00cen\u021belegem nevoile clien\u021bilor no\u0219tri \u0219i le abord\u0103m in mod individual, indiferent dac\u0103 este vorba de persoane fizice sau de companii. V\u0103 oferim intimitatea, siguran\u021ba personal\u0103 \u0219i corporativ\u0103 de care ave\u021bi nevoie.<\/p>\n<\/div><div class=\"fusion-clearfix\"><\/div><\/div><\/div><div class=\"fusion-layout-column fusion_builder_column fusion-builder-column-2 fusion_builder_column_1_2 1_2 fusion-one-half fusion-column-last\" style=\"--awb-bg-size:cover;width:50%;width:calc(50% - ( ( 4% ) * 0.5 ) );\"><div class=\"fusion-column-wrapper fusion-flex-column-wrapper-legacy\"><div class=\"fusion-image-element in-legacy-container\" style=\"--awb-caption-title-font-family:var(--h2_typography-font-family);--awb-caption-title-font-weight:var(--h2_typography-font-weight);--awb-caption-title-font-style:var(--h2_typography-font-style);--awb-caption-title-size:var(--h2_typography-font-size);--awb-caption-title-transform:var(--h2_typography-text-transform);--awb-caption-title-line-height:var(--h2_typography-line-height);--awb-caption-title-letter-spacing:var(--h2_typography-letter-spacing);\"><span class=\" fusion-imageframe imageframe-none imageframe-1 hover-type-none\"><img decoding=\"async\" width=\"560\" height=\"430\" title=\"OurGoals\" src=\"http:\/\/cafetax.com\/wp-content\/uploads\/2018\/03\/OurGoals.jpg\" alt class=\"img-responsive wp-image-1538\"\/><\/span><\/div><div class=\"fusion-clearfix\"><\/div><\/div><\/div><\/div><\/div><div class=\"fusion-fullwidth fullwidth-box fusion-builder-row-2 nonhundred-percent-fullwidth non-hundred-percent-height-scrolling\" style=\"--awb-border-radius-top-left:0px;--awb-border-radius-top-right:0px;--awb-border-radius-bottom-right:0px;--awb-border-radius-bottom-left:0px;--awb-background-color:#850000;--awb-flex-wrap:wrap;\" ><div class=\"fusion-builder-row fusion-row\"><div class=\"fusion-layout-column fusion_builder_column fusion-builder-column-3 fusion_builder_column_1_1 1_1 fusion-one-full fusion-column-first fusion-column-last\" style=\"--awb-bg-size:cover;\"><div class=\"fusion-column-wrapper fusion-flex-column-wrapper-legacy\"><div class=\"fusion-title title fusion-title-2 fusion-sep-none fusion-title-center fusion-title-text fusion-title-size-three\" style=\"--awb-margin-top:25PX;--awb-margin-bottom:10px;--awb-margin-top-small:10px;--awb-margin-right-small:0px;--awb-margin-bottom-small:10px;--awb-margin-left-small:0px;\"><h3 class=\"fusion-title-heading title-heading-center fusion-responsive-typography-calculated\" style=\"margin:0;--fontSize:24;line-height:1.3;\"><span style=\"color: #ffffff;\">A\u0219tept\u0103m cu ner\u0103bdare s\u0103 v\u0103 oferim serviciile noastre \u0219i v\u0103 invit\u0103m s\u0103 ne adresa\u021bi \u00eentreb\u0103rile dumneavoastra!<\/span><\/h3><\/div><div class=\"fusion-clearfix\"><\/div><\/div><\/div><\/div><\/div><div class=\"fusion-fullwidth fullwidth-box fusion-builder-row-3 fusion-parallax-none hundred-percent-fullwidth non-hundred-percent-height-scrolling\" style=\"--awb-background-blend-mode:overlay;--awb-border-radius-top-left:0px;--awb-border-radius-top-right:0px;--awb-border-radius-bottom-right:0px;--awb-border-radius-bottom-left:0px;--awb-background-color:rgba(0,0,0,0.4);--awb-background-image:url(&quot;https:\/\/cafetax.com\/wp-content\/uploads\/2018\/03\/ContactUs.jpg&quot;);--awb-background-size:cover;--awb-flex-wrap:wrap;\" ><div class=\"fusion-builder-row fusion-row\"><div class=\"fusion-layout-column fusion_builder_column fusion-builder-column-4 fusion_builder_column_1_1 1_1 fusion-one-full fusion-column-first fusion-column-last\" style=\"--awb-padding-top:30px;--awb-padding-right:30px;--awb-padding-bottom:0px;--awb-padding-left:30px;--awb-bg-size:cover;--awb-margin-top:30px;--awb-margin-bottom:0px;\"><div class=\"fusion-column-wrapper fusion-flex-column-wrapper-legacy\"><div class=\"fusion-title title fusion-title-3 fusion-sep-none fusion-title-center fusion-title-text fusion-title-size-one\" style=\"--awb-margin-top-small:10px;--awb-margin-right-small:0px;--awb-margin-bottom-small:10px;--awb-margin-left-small:0px;\"><h1 class=\"fusion-title-heading title-heading-center fusion-responsive-typography-calculated\" style=\"margin:0;--fontSize:38;line-height:1.4;\"><span style=\"color: #ffffff;\">Discuta Cu Un Specialist<\/span><\/h1><\/div><div class=\"fusion-clearfix\"><\/div><\/div><\/div><div class=\"fusion-layout-column fusion_builder_column fusion-builder-column-5 fusion_builder_column_1_4 1_4 fusion-one-fourth fusion-column-first\" style=\"--awb-padding-top:0px;--awb-padding-right:30px;--awb-padding-bottom:30px;--awb-padding-left:30px;--awb-bg-size:cover;--awb-margin-bottom:30px;width:25%;width:calc(25% - ( ( 4% + 4% ) * 0.25 ) );margin-right: 4%;\"><div class=\"fusion-column-wrapper fusion-flex-column-wrapper-legacy\"><div class=\"fusion-clearfix\"><\/div><\/div><\/div><div class=\"fusion-layout-column fusion_builder_column fusion-builder-column-6 fusion_builder_column_1_2 1_2 fusion-one-half form-column\" style=\"--awb-padding-top:0px;--awb-padding-right:30px;--awb-padding-bottom:30px;--awb-padding-left:30px;--awb-bg-color:rgba(255,255,255,0);--awb-bg-color-hover:rgba(255,255,255,0);--awb-bg-size:cover;--awb-margin-bottom:30px;width:50%;width:calc(50% - ( ( 4% + 4% ) * 0.5 ) );margin-right: 4%;\"><div class=\"fusion-column-wrapper fusion-flex-column-wrapper-legacy\"><div class=\"fusion-aligncenter\"><a class=\"fusion-button button-flat button-large button-default fusion-button-default button-1 fusion-button-default-span fusion-button-default-type view-all-btn\" style=\"--button-border-radius-top-left:25px;--button-border-radius-top-right:25px;--button-border-radius-bottom-right:25px;--button-border-radius-bottom-left:25px;\" target=\"_self\" href=\"https:\/\/cafetax.com\/ro\/contactati-ne\/\"><span class=\"fusion-button-text awb-button__text awb-button__text--default\">Contact<\/span><\/a><\/div><div class=\"fusion-clearfix\"><\/div><\/div><\/div><div class=\"fusion-layout-column fusion_builder_column fusion-builder-column-7 fusion_builder_column_1_4 1_4 fusion-one-fourth fusion-column-last\" style=\"--awb-padding-top:0px;--awb-padding-right:30px;--awb-padding-bottom:30px;--awb-padding-left:30px;--awb-bg-size:cover;--awb-margin-bottom:30px;width:25%;width:calc(25% - ( ( 4% + 4% ) * 0.25 ) );\"><div class=\"fusion-column-wrapper fusion-flex-column-wrapper-legacy\"><div class=\"fusion-clearfix\"><\/div><\/div><\/div><\/div><\/div>\n<\/p>\n","protected":false},"excerpt":{"rendered":"","protected":false},"author":1,"featured_media":0,"parent":1465,"menu_order":0,"comment_status":"closed","ping_status":"closed","template":"100-width.php","meta":{"footnotes":""},"class_list":["post-1540","page","type-page","status-publish","hentry"],"aioseo_notices":[],"_links":{"self":[{"href":"https:\/\/cafetax.com\/ro\/wp-json\/wp\/v2\/pages\/1540","targetHints":{"allow":["GET"]}}],"collection":[{"href":"https:\/\/cafetax.com\/ro\/wp-json\/wp\/v2\/pages"}],"about":[{"href":"https:\/\/cafetax.com\/ro\/wp-json\/wp\/v2\/types\/page"}],"author":[{"embeddable":true,"href":"https:\/\/cafetax.com\/ro\/wp-json\/wp\/v2\/users\/1"}],"replies":[{"embeddable":true,"href":"https:\/\/cafetax.com\/ro\/wp-json\/wp\/v2\/comments?post=1540"}],"version-history":[{"count":0,"href":"https:\/\/cafetax.com\/ro\/wp-json\/wp\/v2\/pages\/1540\/revisions"}],"up":[{"embeddable":true,"href":"https:\/\/cafetax.com\/ro\/wp-json\/wp\/v2\/pages\/1465"}],"wp:attachment":[{"href":"https:\/\/cafetax.com\/ro\/wp-json\/wp\/v2\/media?parent=1540"}],"curies":[{"name":"wp","href":"https:\/\/api.w.org\/{rel}","templated":true}]}}