{"id":1485,"date":"2018-03-27T00:26:15","date_gmt":"2018-03-27T00:26:15","guid":{"rendered":"https:\/\/cafetax.com\/?page_id=1485"},"modified":"2022-04-19T11:41:34","modified_gmt":"2022-04-19T11:41:34","slug":"istoria-companiei","status":"publish","type":"page","link":"https:\/\/cafetax.com\/ro\/compania\/istoria-companiei\/","title":{"rendered":"Istoria companiei"},"content":{"rendered":"<p><div class=\"fusion-fullwidth fullwidth-box fusion-builder-row-1 nonhundred-percent-fullwidth non-hundred-percent-height-scrolling\" style=\"--awb-border-radius-top-left:0px;--awb-border-radius-top-right:0px;--awb-border-radius-bottom-right:0px;--awb-border-radius-bottom-left:0px;--awb-flex-wrap:wrap;\" ><div class=\"fusion-builder-row fusion-row\"><div class=\"fusion-layout-column fusion_builder_column fusion-builder-column-0 fusion_builder_column_1_1 1_1 fusion-one-full fusion-column-first fusion-column-last\" style=\"--awb-bg-size:cover;\"><div class=\"fusion-column-wrapper fusion-flex-column-wrapper-legacy\"><div class=\"fusion-title title fusion-title-1 fusion-sep-none fusion-title-center fusion-title-text fusion-title-size-two\" style=\"--awb-margin-top-small:10px;--awb-margin-right-small:0px;--awb-margin-bottom-small:10px;--awb-margin-left-small:0px;\"><h2 class=\"fusion-title-heading title-heading-center fusion-responsive-typography-calculated\" style=\"margin:0;--fontSize:34;line-height:1.5;\">Istoria noastr\u0103<\/h2><\/div><div class=\"fusion-clearfix\"><\/div><\/div><\/div><div class=\"fusion-layout-column fusion_builder_column fusion-builder-column-1 fusion_builder_column_1_2 1_2 fusion-one-half fusion-column-first\" style=\"--awb-padding-top:0px;--awb-padding-bottom:30px;--awb-bg-size:cover;width:50%;width:calc(50% - ( ( 4% ) * 0.5 ) );margin-right: 4%;\"><div class=\"fusion-column-wrapper fusion-flex-column-wrapper-legacy\"><div class=\"fusion-text fusion-text-1\"><p style=\"text-align: justify;\"><strong>Cafetax<\/strong>\u00a0este un grup profesional de firme, cu prezenta \u00een \u00eentreaga lume ce ofera consultanta in infiintarea si utilizarea de companii offshore si onshore. Ne-am intarit prezenta pe piata prin achizitia Dema Partners Group in anul 2017. Incepand din anul 2000, suntem un furnizor de servicii offshore, specializati in \u00eenregistrarea la costuri mici a Companiilor Offshore (Societ\u0103\u021bi Offshore de tip LTD \u0219i Companii Offshore de tip IBC &#8211; Interna\u021bional Business Company, LLC, Corporatii ), formarea Funda\u021biilor Offshore Private, Opera\u021biuni si deschidere de Conturi Bancare Offshore.<\/p>\n<p style=\"text-align: justify;\">Echipa noastra de profesionisti analizeaz\u0103 cu aten\u021bie \u0219i \u00een mod continuu paradisuri fiscale offshore disponibile \u0219i emergente, select\u00e2nd acele jurisdic\u021bii care ofer\u0103 cele mai bune oportunit\u0103\u021bi \u0219i avantaje clien\u021bilor nostri. Suntem focusati pe necesitatile clientilor de optimizare fiscala, protectie a activelor si dezvoltarea afacerii la nivel global, prin implementarea de companii offshore in jurisdictii de prestigiu.<br \/>\nPutem oferi suport clientilor privind necesitatilor lor la nivel corporativ, bancar si investitional prin: creearea de companii si structuri offshore, deschiderea de conturi bancare offshore, oferirea de solutii e-commerce si alte servicii care le permit sa-si organizeze afacerile si situatia financiara personala intr-un mod mult mai profitabil.<\/p>\n<p style=\"text-align: justify;\">Compania noastr\u0103 se bazeaz\u0103 pe o experien\u021b\u0103 foarte vast\u0103, cu mii de firme offshore infiintate \u00een peste 80 de paradisuri fiscale, incluz\u00e2nd structuri complexe pentru societ\u0103\u021bi interna\u021bionale \u0219i multina\u021bionale.<\/p>\n<\/div><div class=\"fusion-clearfix\"><\/div><\/div><\/div><div class=\"fusion-layout-column fusion_builder_column fusion-builder-column-2 fusion_builder_column_1_2 1_2 fusion-one-half fusion-column-last\" style=\"--awb-padding-top:0px;--awb-padding-bottom:30px;--awb-bg-size:cover;width:50%;width:calc(50% - ( ( 4% ) * 0.5 ) );\"><div class=\"fusion-column-wrapper fusion-flex-column-wrapper-legacy\"><div class=\"fusion-image-element fusion-image-align-center in-legacy-container\" style=\"text-align:center;--awb-caption-title-font-family:var(--h2_typography-font-family);--awb-caption-title-font-weight:var(--h2_typography-font-weight);--awb-caption-title-font-style:var(--h2_typography-font-style);--awb-caption-title-size:var(--h2_typography-font-size);--awb-caption-title-transform:var(--h2_typography-text-transform);--awb-caption-title-line-height:var(--h2_typography-line-height);--awb-caption-title-letter-spacing:var(--h2_typography-letter-spacing);\"><div class=\"imageframe-align-center\"><span class=\" fusion-imageframe imageframe-none imageframe-1 hover-type-none\"><img decoding=\"async\" width=\"550\" height=\"520\" title=\"Skyskarpers-In-Hong-Kong\" src=\"http:\/\/cafetax.com\/wp-content\/uploads\/2018\/03\/Skyskarpers-In-Hong-Kong.jpg\" alt class=\"img-responsive wp-image-1523\"\/><\/span><\/div><\/div><div class=\"fusion-clearfix\"><\/div><\/div><\/div><div class=\"fusion-layout-column fusion_builder_column fusion-builder-column-3 fusion_builder_column_1_1 1_1 fusion-one-full fusion-column-first fusion-column-last\" style=\"--awb-bg-size:cover;\"><div class=\"fusion-column-wrapper fusion-flex-column-wrapper-legacy\"><div class=\"fusion-text fusion-text-2\"><p style=\"text-align: justify;\">Deoarece planificarea fiscala internationala este una dintre cele mai importante aspecte ale economiei moderne actuale, gasim zilnic solutii personalizate pentru clientii nostri, tinand cont de situatia lor personala, fiscala cat si financiara. Suntem interesati de nevoile dumneavoastra si va putem oferi cel mai bun standard de practica in afaceri, intr-un mediu legal si accesibil. Noi va putem ghida in labirintul centrelor financiare pentru a gasi solutii eficiente pentru afacerile offshore, comert international cat si investitii.<\/p>\n<p style=\"text-align: justify;\">Prin intermediul personalului nostru \u0219i partenilor no\u0219tri localiza\u021bi peste tot \u00een lume, v\u0103 punem la dispozi\u021bie cele mai bune echipe de contabili, avoca\u021bi \u0219i consultan\u021bi, \u00een peste 80 de paradisuri fiscale offshore si onshore, asigurandu-v\u0103 de cea mai bun\u0103 solu\u021bie fiscal\u0103 adaptat\u0103 nevoilor afacerii dvs. locale. Clien\u021bii no\u0219tri se refer\u0103 la noi ca fiind rapizi, receptivi , corec\u021bi, dar \u00een acela\u0219i timp si foarte accesibili.<\/p>\n<\/div><div class=\"fusion-clearfix\"><\/div><\/div><\/div><\/div><\/div><div class=\"fusion-fullwidth fullwidth-box fusion-builder-row-2 fusion-parallax-none hundred-percent-fullwidth non-hundred-percent-height-scrolling\" style=\"--awb-background-blend-mode:overlay;--awb-border-radius-top-left:0px;--awb-border-radius-top-right:0px;--awb-border-radius-bottom-right:0px;--awb-border-radius-bottom-left:0px;--awb-background-color:rgba(0,0,0,0.4);--awb-background-image:url(&quot;https:\/\/cafetax.com\/wp-content\/uploads\/2018\/03\/ContactUs.jpg&quot;);--awb-background-size:cover;--awb-flex-wrap:wrap;\" ><div class=\"fusion-builder-row fusion-row\"><div class=\"fusion-layout-column fusion_builder_column fusion-builder-column-4 fusion_builder_column_1_1 1_1 fusion-one-full fusion-column-first fusion-column-last\" style=\"--awb-padding-top:30px;--awb-padding-right:30px;--awb-padding-bottom:0px;--awb-padding-left:30px;--awb-bg-size:cover;--awb-margin-top:30px;--awb-margin-bottom:0px;\"><div class=\"fusion-column-wrapper fusion-flex-column-wrapper-legacy\"><div class=\"fusion-title title fusion-title-2 fusion-sep-none fusion-title-center fusion-title-text fusion-title-size-one\" style=\"--awb-margin-top-small:10px;--awb-margin-right-small:0px;--awb-margin-bottom-small:10px;--awb-margin-left-small:0px;\"><h1 class=\"fusion-title-heading title-heading-center fusion-responsive-typography-calculated\" style=\"margin:0;--fontSize:38;line-height:1.4;\"><span style=\"color: #ffffff;\">Discuta Cu Un Specialist<\/span><\/h1><\/div><div class=\"fusion-clearfix\"><\/div><\/div><\/div><div class=\"fusion-layout-column fusion_builder_column fusion-builder-column-5 fusion_builder_column_1_4 1_4 fusion-one-fourth fusion-column-first\" style=\"--awb-padding-top:0px;--awb-padding-right:30px;--awb-padding-bottom:30px;--awb-padding-left:30px;--awb-bg-size:cover;--awb-margin-bottom:30px;width:25%;width:calc(25% - ( ( 4% + 4% ) * 0.25 ) );margin-right: 4%;\"><div class=\"fusion-column-wrapper fusion-flex-column-wrapper-legacy\"><div class=\"fusion-clearfix\"><\/div><\/div><\/div><div class=\"fusion-layout-column fusion_builder_column fusion-builder-column-6 fusion_builder_column_1_2 1_2 fusion-one-half form-column\" style=\"--awb-padding-top:0px;--awb-padding-right:30px;--awb-padding-bottom:30px;--awb-padding-left:30px;--awb-bg-color:rgba(255,255,255,0);--awb-bg-color-hover:rgba(255,255,255,0);--awb-bg-size:cover;--awb-margin-bottom:30px;width:50%;width:calc(50% - ( ( 4% + 4% ) * 0.5 ) );margin-right: 4%;\"><div class=\"fusion-column-wrapper fusion-flex-column-wrapper-legacy\"><div class=\"fusion-aligncenter\"><a class=\"fusion-button button-flat button-large button-default fusion-button-default button-1 fusion-button-default-span fusion-button-default-type view-all-btn\" style=\"--button-border-radius-top-left:25px;--button-border-radius-top-right:25px;--button-border-radius-bottom-right:25px;--button-border-radius-bottom-left:25px;\" target=\"_self\" href=\"https:\/\/cafetax.com\/ro\/contactati-ne\/\"><span class=\"fusion-button-text awb-button__text awb-button__text--default\">Contact<\/span><\/a><\/div><div class=\"fusion-clearfix\"><\/div><\/div><\/div><div class=\"fusion-layout-column fusion_builder_column fusion-builder-column-7 fusion_builder_column_1_4 1_4 fusion-one-fourth fusion-column-last\" style=\"--awb-padding-top:0px;--awb-padding-right:30px;--awb-padding-bottom:30px;--awb-padding-left:30px;--awb-bg-size:cover;--awb-margin-bottom:30px;width:25%;width:calc(25% - ( ( 4% + 4% ) * 0.25 ) );\"><div class=\"fusion-column-wrapper fusion-flex-column-wrapper-legacy\"><div class=\"fusion-clearfix\"><\/div><\/div><\/div><\/div><\/div>\n<\/p>\n","protected":false},"excerpt":{"rendered":"","protected":false},"author":1,"featured_media":0,"parent":1465,"menu_order":0,"comment_status":"closed","ping_status":"closed","template":"100-width.php","meta":{"footnotes":""},"class_list":["post-1485","page","type-page","status-publish","hentry"],"aioseo_notices":[],"_links":{"self":[{"href":"https:\/\/cafetax.com\/ro\/wp-json\/wp\/v2\/pages\/1485","targetHints":{"allow":["GET"]}}],"collection":[{"href":"https:\/\/cafetax.com\/ro\/wp-json\/wp\/v2\/pages"}],"about":[{"href":"https:\/\/cafetax.com\/ro\/wp-json\/wp\/v2\/types\/page"}],"author":[{"embeddable":true,"href":"https:\/\/cafetax.com\/ro\/wp-json\/wp\/v2\/users\/1"}],"replies":[{"embeddable":true,"href":"https:\/\/cafetax.com\/ro\/wp-json\/wp\/v2\/comments?post=1485"}],"version-history":[{"count":0,"href":"https:\/\/cafetax.com\/ro\/wp-json\/wp\/v2\/pages\/1485\/revisions"}],"up":[{"embeddable":true,"href":"https:\/\/cafetax.com\/ro\/wp-json\/wp\/v2\/pages\/1465"}],"wp:attachment":[{"href":"https:\/\/cafetax.com\/ro\/wp-json\/wp\/v2\/media?parent=1485"}],"curies":[{"name":"wp","href":"https:\/\/api.w.org\/{rel}","templated":true}]}}