{"id":1478,"date":"2017-10-21T04:03:35","date_gmt":"2017-10-21T04:03:35","guid":{"rendered":"https:\/\/cafetax.com\/compania\/specialization-and-focus\/"},"modified":"2018-04-06T04:58:49","modified_gmt":"2018-04-06T04:58:49","slug":"specializarea-si-obiectivele-noastre","status":"publish","type":"page","link":"https:\/\/cafetax.com\/ro\/compania\/specializarea-si-obiectivele-noastre\/","title":{"rendered":"Specializarea si Obiectivele Noastre"},"content":{"rendered":"<p><div class=\"fusion-fullwidth fullwidth-box fusion-builder-row-1 nonhundred-percent-fullwidth non-hundred-percent-height-scrolling\" style=\"--awb-border-radius-top-left:0px;--awb-border-radius-top-right:0px;--awb-border-radius-bottom-right:0px;--awb-border-radius-bottom-left:0px;--awb-flex-wrap:wrap;\" ><div class=\"fusion-builder-row fusion-row\"><div class=\"fusion-layout-column fusion_builder_column fusion-builder-column-0 fusion_builder_column_1_1 1_1 fusion-one-full fusion-column-first fusion-column-last\" style=\"--awb-bg-size:cover;\"><div class=\"fusion-column-wrapper fusion-flex-column-wrapper-legacy\"><div class=\"fusion-title title fusion-title-1 fusion-sep-none fusion-title-center fusion-title-text fusion-title-size-two\" style=\"--awb-margin-top-small:10px;--awb-margin-right-small:0px;--awb-margin-bottom-small:10px;--awb-margin-left-small:0px;\"><h2 class=\"fusion-title-heading title-heading-center fusion-responsive-typography-calculated\" style=\"margin:0;--fontSize:34;line-height:1.5;\">Infiintare companii offshore<\/h2><\/div><div class=\"fusion-text fusion-text-1\"><p style=\"text-align: justify;\">Grupul este un\u00a0<strong>furnizor de servicii offshore<\/strong>\u00a0care ofer\u0103: \u00eenfiintare companii offshore \u00een jurisdic\u021bii sigure, confiden\u021biale \u0219i stabile; constituirea de funda\u021bii offshore private, structurare corporativ\u0103 global\u0103 \u0219i consiliere a persoanelor juridice \u0219i fizice care doresc s\u0103-\u0219i protejeze averea \u0219i care doresc s\u0103 fac\u0103 comer\u021b \u0219i s\u0103 investeasc\u0103 \u00een afara grani\u021belor na\u021bionale; deschidere de conturi bancare de tip offshore; servicii de nominalizare pentru companii offshore (directori \u0219i ac\u021bionari nominali); deschidere conturi de comerciant (merchant accounts) interna\u021bionale de tip offshore; servicii de calitate de asisten\u021b\u0103 clien\u021bi, pre\u021buri accesibile \u0219i o varietate de servicii adi\u021bionale \u00een cele mai dorite paradisuri fiscale.<\/p>\n<\/div><div class=\"fusion-clearfix\"><\/div><\/div><\/div><\/div><\/div><div class=\"fusion-fullwidth fullwidth-box fusion-builder-row-2 nonhundred-percent-fullwidth non-hundred-percent-height-scrolling\" style=\"--awb-border-radius-top-left:0px;--awb-border-radius-top-right:0px;--awb-border-radius-bottom-right:0px;--awb-border-radius-bottom-left:0px;--awb-padding-top:50px;--awb-padding-bottom:30px;--awb-background-color:#f2f2f2;--awb-flex-wrap:wrap;\" ><div class=\"fusion-builder-row fusion-row\"><div class=\"fusion-layout-column fusion_builder_column fusion-builder-column-1 fusion_builder_column_1_2 1_2 fusion-one-half fusion-column-first\" style=\"--awb-bg-size:cover;width:50%;width:calc(50% - ( ( 4% ) * 0.5 ) );margin-right: 4%;\"><div class=\"fusion-column-wrapper fusion-flex-column-wrapper-legacy\"><div class=\"fusion-text fusion-text-2\"><p style=\"text-align: justify;\">Aceste servicii adi\u021bionale includ &#8211; dar nu se limiteaz\u0103 la &#8211; servicii de \u00eenfiintare, trusturi \u0219i servicii fiduciare, servicii de payroll (salarizare), servicii de procurare\/eliberare documente, birouri virtuale, servicii de facturare, de deschidere \u0219i administrare conturi bancare offshore, de management al opera\u021biunilor comerciale \u0219i acreditivelor documentare, de administrare yacht-uri \u0219i avioane \u0219i de structurare a drepturilor de proprietate asupra bunurilor.<\/p>\n<p style=\"text-align: justify;\">Introducerea unei entit\u0103\u021bi de tip offshore \u00een planificarea dumneavoastra fiscal\u0103 face diferen\u021ba dintre succes \u0219i e\u0219ec, \u00eens\u0103 acest aspect este deseori ignorat de persoanele care \u00eencep o afacere sau o investi\u021bie nou\u0103.<\/p>\n<p style=\"text-align: justify;\">Societatea este structurat\u0103 pe departamente separate, concentrate pe diferite domenii de specializare. Scopul nostru este de a oferi servicii personalizate per client, eficiente \u0219i de \u00eenalt\u0103 calitate indiferent de dimensiunea sau de natura acestora.<\/p>\n<p style=\"text-align: justify;\">Fiecare departament este condus de un partener care lucreaz\u0103 \u00een stransa legatura cu profesioni\u0219ti cu \u00eenalt\u0103 calificare. Societatea se conduce dup\u0103 principiul \u201eaccent pe servicii excep\u021bionale, de mod\u0103 veche, orientate c\u0103tre nevoile personale ale fiecarui client&#8221; \u0219i se str\u0103duie\u0219te s\u0103 ating\u0103 acest principiu combinand activitatea unor profesioni\u0219ti multidisciplina\u021bi \u0219i munc\u0103 st\u0103ruitoare.<\/p>\n<p style=\"text-align: justify;\">Principala noastr\u0103 responsabilitate este atingerea \u021belurilor clien\u021bilor no\u0219tri, responsabilitate care este \u00eendeplinit\u0103 prin aceea c\u0103 oferim clientului planuri de ac\u021biune alternative.<\/p>\n<p style=\"text-align: justify;\">Aceast\u0103 perspectiv\u0103 le permite clien\u021bilor no\u0219tri s\u0103 beneficieze de o gam\u0103 larg\u0103 de produse \u0219i servicii personalizate. Suntem m\u00e2ndri s\u0103 v\u0103 aducem la cuno\u0219tin\u021b\u0103 faptul c\u0103 peste 80% dintre clien\u021bii noi au fost \u00eendruma\u021bi c\u0103tre noi de clien\u021bi deja existen\u021bi.<\/p>\n<\/div><div class=\"fusion-clearfix\"><\/div><\/div><\/div><div class=\"fusion-layout-column fusion_builder_column fusion-builder-column-2 fusion_builder_column_1_2 1_2 fusion-one-half fusion-column-last\" style=\"--awb-bg-size:cover;width:50%;width:calc(50% - ( ( 4% ) * 0.5 ) );\"><div class=\"fusion-column-wrapper fusion-flex-column-wrapper-legacy\"><div class=\"fusion-image-element in-legacy-container\" style=\"--awb-caption-title-font-family:var(--h2_typography-font-family);--awb-caption-title-font-weight:var(--h2_typography-font-weight);--awb-caption-title-font-style:var(--h2_typography-font-style);--awb-caption-title-size:var(--h2_typography-font-size);--awb-caption-title-transform:var(--h2_typography-text-transform);--awb-caption-title-line-height:var(--h2_typography-line-height);--awb-caption-title-letter-spacing:var(--h2_typography-letter-spacing);\"><span class=\" fusion-imageframe imageframe-none imageframe-1 hover-type-none\"><img decoding=\"async\" width=\"1024\" height=\"761\" title=\"Pretty Caucasian business woman at office desk with colleagues in the back\" src=\"https:\/\/cafetax.com\/wp-content\/uploads\/2017\/10\/Cafetax-Employee-1024x761.jpg\" alt class=\"img-responsive wp-image-1369\"\/><\/span><\/div><div class=\"fusion-clearfix\"><\/div><\/div><\/div><\/div><\/div><div class=\"fusion-fullwidth fullwidth-box fusion-builder-row-3 nonhundred-percent-fullwidth non-hundred-percent-height-scrolling\" style=\"--awb-border-radius-top-left:0px;--awb-border-radius-top-right:0px;--awb-border-radius-bottom-right:0px;--awb-border-radius-bottom-left:0px;--awb-background-color:#850000;--awb-flex-wrap:wrap;\" ><div class=\"fusion-builder-row fusion-row\"><div class=\"fusion-layout-column fusion_builder_column fusion-builder-column-3 fusion_builder_column_1_1 1_1 fusion-one-full fusion-column-first fusion-column-last\" style=\"--awb-bg-size:cover;\"><div class=\"fusion-column-wrapper fusion-flex-column-wrapper-legacy\"><div class=\"fusion-title title fusion-title-2 fusion-sep-none fusion-title-center fusion-title-text fusion-title-size-three\" style=\"--awb-margin-top:25px;--awb-margin-bottom:10px;--awb-margin-top-small:10px;--awb-margin-right-small:0px;--awb-margin-bottom-small:10px;--awb-margin-left-small:0px;\"><h3 class=\"fusion-title-heading title-heading-center fusion-responsive-typography-calculated\" style=\"margin:0;--fontSize:24;line-height:1.3;\"><span style=\"color: #ffffff;\">Principala noastr\u0103 preocupare este sporirea finan\u021belor clientului nostru \u0219i protejarea afacerii sale!<\/span><\/h3><\/div><div class=\"fusion-clearfix\"><\/div><\/div><\/div><\/div><\/div><div class=\"fusion-fullwidth fullwidth-box fusion-builder-row-4 fusion-parallax-none hundred-percent-fullwidth non-hundred-percent-height-scrolling\" style=\"--awb-background-blend-mode:overlay;--awb-border-radius-top-left:0px;--awb-border-radius-top-right:0px;--awb-border-radius-bottom-right:0px;--awb-border-radius-bottom-left:0px;--awb-background-color:rgba(0,0,0,0.4);--awb-background-image:url(&quot;https:\/\/cafetax.com\/wp-content\/uploads\/2018\/03\/ContactUs.jpg&quot;);--awb-background-size:cover;--awb-flex-wrap:wrap;\" ><div class=\"fusion-builder-row fusion-row\"><div class=\"fusion-layout-column fusion_builder_column fusion-builder-column-4 fusion_builder_column_1_1 1_1 fusion-one-full fusion-column-first fusion-column-last\" style=\"--awb-padding-top:30px;--awb-padding-right:30px;--awb-padding-bottom:0px;--awb-padding-left:30px;--awb-bg-size:cover;--awb-margin-top:30px;--awb-margin-bottom:0px;\"><div class=\"fusion-column-wrapper fusion-flex-column-wrapper-legacy\"><div class=\"fusion-title title fusion-title-3 fusion-sep-none fusion-title-center fusion-title-text fusion-title-size-one\" style=\"--awb-margin-top-small:10px;--awb-margin-right-small:0px;--awb-margin-bottom-small:10px;--awb-margin-left-small:0px;\"><h1 class=\"fusion-title-heading title-heading-center fusion-responsive-typography-calculated\" style=\"margin:0;--fontSize:38;line-height:1.4;\"><span style=\"color: #ffffff;\">Discuta Cu Un Specialist<\/span><\/h1><\/div><div class=\"fusion-clearfix\"><\/div><\/div><\/div><div class=\"fusion-layout-column fusion_builder_column fusion-builder-column-5 fusion_builder_column_1_4 1_4 fusion-one-fourth fusion-column-first\" style=\"--awb-padding-top:0px;--awb-padding-right:30px;--awb-padding-bottom:30px;--awb-padding-left:30px;--awb-bg-size:cover;--awb-margin-bottom:30px;width:25%;width:calc(25% - ( ( 4% + 4% ) * 0.25 ) );margin-right: 4%;\"><div class=\"fusion-column-wrapper fusion-flex-column-wrapper-legacy\"><div class=\"fusion-clearfix\"><\/div><\/div><\/div><div class=\"fusion-layout-column fusion_builder_column fusion-builder-column-6 fusion_builder_column_1_2 1_2 fusion-one-half form-column\" style=\"--awb-padding-top:0px;--awb-padding-right:30px;--awb-padding-bottom:30px;--awb-padding-left:30px;--awb-bg-color:rgba(255,255,255,0);--awb-bg-color-hover:rgba(255,255,255,0);--awb-bg-size:cover;--awb-margin-bottom:30px;width:50%;width:calc(50% - ( ( 4% + 4% ) * 0.5 ) );margin-right: 4%;\"><div class=\"fusion-column-wrapper fusion-flex-column-wrapper-legacy\"><div class=\"fusion-aligncenter\"><a class=\"fusion-button button-flat button-large button-default fusion-button-default button-1 fusion-button-default-span fusion-button-default-type view-all-btn\" target=\"_self\" href=\"https:\/\/cafetax.com\/ro\/contactati-ne\/\"><span class=\"fusion-button-text awb-button__text awb-button__text--default\">Contact<\/span><\/a><\/div><div class=\"fusion-clearfix\"><\/div><\/div><\/div><div class=\"fusion-layout-column fusion_builder_column fusion-builder-column-7 fusion_builder_column_1_4 1_4 fusion-one-fourth fusion-column-last\" style=\"--awb-padding-top:0px;--awb-padding-right:30px;--awb-padding-bottom:30px;--awb-padding-left:30px;--awb-bg-size:cover;--awb-margin-bottom:30px;width:25%;width:calc(25% - ( ( 4% + 4% ) * 0.25 ) );\"><div class=\"fusion-column-wrapper fusion-flex-column-wrapper-legacy\"><div class=\"fusion-clearfix\"><\/div><\/div><\/div><\/div><\/div>\n<\/p>\n","protected":false},"excerpt":{"rendered":"","protected":false},"author":1,"featured_media":0,"parent":1465,"menu_order":0,"comment_status":"closed","ping_status":"closed","template":"100-width.php","meta":{"footnotes":""},"class_list":["post-1478","page","type-page","status-publish","hentry"],"aioseo_notices":[],"_links":{"self":[{"href":"https:\/\/cafetax.com\/ro\/wp-json\/wp\/v2\/pages\/1478","targetHints":{"allow":["GET"]}}],"collection":[{"href":"https:\/\/cafetax.com\/ro\/wp-json\/wp\/v2\/pages"}],"about":[{"href":"https:\/\/cafetax.com\/ro\/wp-json\/wp\/v2\/types\/page"}],"author":[{"embeddable":true,"href":"https:\/\/cafetax.com\/ro\/wp-json\/wp\/v2\/users\/1"}],"replies":[{"embeddable":true,"href":"https:\/\/cafetax.com\/ro\/wp-json\/wp\/v2\/comments?post=1478"}],"version-history":[{"count":0,"href":"https:\/\/cafetax.com\/ro\/wp-json\/wp\/v2\/pages\/1478\/revisions"}],"up":[{"embeddable":true,"href":"https:\/\/cafetax.com\/ro\/wp-json\/wp\/v2\/pages\/1465"}],"wp:attachment":[{"href":"https:\/\/cafetax.com\/ro\/wp-json\/wp\/v2\/media?parent=1478"}],"curies":[{"name":"wp","href":"https:\/\/api.w.org\/{rel}","templated":true}]}}